{"id":2156,"date":"2026-05-04T17:05:23","date_gmt":"2026-05-04T15:05:23","guid":{"rendered":"https:\/\/alzbetazetzmann.com\/zasady-ochrany-osobnych-udajov\/"},"modified":"2026-05-04T17:18:55","modified_gmt":"2026-05-04T15:18:55","slug":"zasady-ochrany-osobnych-udajov","status":"publish","type":"page","link":"https:\/\/alzbetazetzmann.com\/sk\/zasady-ochrany-osobnych-udajov\/","title":{"rendered":"Z\u00e1sady ochrany osobn\u00fdch \u00fadajov"},"content":{"rendered":"\t\t<div data-elementor-type=\"wp-page\" data-elementor-id=\"2156\" class=\"elementor elementor-2156 elementor-2128\" data-elementor-post-type=\"page\">\n\t\t\t\t<div class=\"elementor-element elementor-element-2bd58f8 e-flex e-con-boxed e-con e-parent\" data-id=\"2bd58f8\" data-element_type=\"container\">\n\t\t\t\t\t<div class=\"e-con-inner\">\n\t\t\t\t<div class=\"elementor-element elementor-element-29073413 elementor-widget elementor-widget-text-editor\" data-id=\"29073413\" data-element_type=\"widget\" data-widget_type=\"text-editor.default\">\n\t\t\t\t<div class=\"elementor-widget-container\">\n\t\t\t\t\t\t\t\t\t<h2><b>1. \u00davod<\/b><\/h2><p><span style=\"font-weight: 400;\">My, Al\u017ebeta Zetzmann (Heuberg 16, 4051 Bazilej, \u0160vaj\u010diarsko), re\u0161pektujeme Va\u0161e s\u00fakromie a zav\u00e4zujeme sa chr\u00e1ni\u0165 Va\u0161e osobn\u00e9 \u00fadaje v s\u00falade so \u0161vaj\u010diarskym feder\u00e1lnym z\u00e1konom o ochrane \u00fadajov (FADP) a v\u0161eobecn\u00fdm nariaden\u00edm o ochrane \u00fadajov (GDPR), ak je to relevantn\u00e9. Tieto z\u00e1sady vysvet\u013euj\u00fa, ako zhroma\u017e\u010fujeme, pou\u017e\u00edvame a chr\u00e1nime Va\u0161e \u00fadaje pri n\u00e1v\u0161teve na\u0161ej webovej str\u00e1nky. V pr\u00edpade ak\u00fdchko\u013evek ot\u00e1zok t\u00fdkaj\u00facich sa ochrany osobn\u00fdch \u00fadajov n\u00e1s m\u00f4\u017eete kontaktova\u0165 na adrese info@alzbetazetzmann.com.  <\/span><\/p><h2><b>2. Inform\u00e1cie, ktor\u00e9 zhroma\u017e\u010fujeme<\/b><\/h2><p><b>Osobn\u00e9 \u00fadaje <\/b><\/p><p><span style=\"font-weight: 400;\">\u2013 Zhroma\u017e\u010fujeme osobn\u00e9 inform\u00e1cie, ako je Va\u0161e meno, telef\u00f3nne \u010d\u00edslo a e-mailov\u00e1 adresa, ke\u010f n\u00e1s kontaktujete prostredn\u00edctvom e-mailu alebo telef\u00f3nu.<\/span><\/p><p><span style=\"font-weight: 400;\">\u2013 Tieto \u00fadaje spracov\u00e1vame na z\u00e1klade V\u00e1\u0161ho s\u00fahlasu a na \u00fa\u010dely plnenia zmluvy (konzult\u00e1cie alebo s\u00favisiacich slu\u017eieb).<\/span><\/p><p><b>Automaticky zhroma\u017e\u010fovan\u00e9 \u00fadaje <\/b><\/p><p><span style=\"font-weight: 400;\">\u2013 Pou\u017e\u00edvame slu\u017eby ako Google Analytics, Google Maps, WordPress a Websupport na automatick\u00e9 zhroma\u017e\u010fovanie \u00fadajov vr\u00e1tane IP adries, typov prehliada\u010dov, inform\u00e1ci\u00ed o zariaden\u00ed a \u0161tatist\u00edk pou\u017e\u00edvania webovej str\u00e1nky. Toto spracovanie je zalo\u017een\u00e9 na na\u0161om opr\u00e1vnenom z\u00e1ujme zlep\u0161ova\u0165 funk\u010dnos\u0165 webovej str\u00e1nky a pou\u017e\u00edvate\u013esk\u00fa sk\u00fasenos\u0165. <\/span><\/p><p><span style=\"font-weight: 400;\">\u2013 Na zhroma\u017e\u010fovanie t\u00fdchto inform\u00e1ci\u00ed sa pou\u017e\u00edvaj\u00fa s\u00fabory cookie. M\u00f4\u017eete sa rozhodn\u00fa\u0165 prija\u0165 alebo odmietnu\u0165 s\u00fabory cookie prostredn\u00edctvom n\u00e1\u0161ho bannera so s\u00fahlasom so s\u00fabormi cookie. Pou\u017e\u00edvan\u00edm na\u0161ej webovej str\u00e1nky a prijat\u00edm s\u00faborov cookie s t\u00fdm s\u00fahlas\u00edte.   <\/span><\/p><h2><b>3. Pou\u017e\u00edvanie s\u00faborov cookie<\/b><\/h2><p><span style=\"font-weight: 400;\">Na\u0161a webov\u00e1 str\u00e1nka pou\u017e\u00edva s\u00fabory cookie na:<\/span><\/p><p><span style=\"font-weight: 400;\">\u2013 Zabezpe\u010denie spr\u00e1vnej funk\u010dnosti webovej str\u00e1nky <\/span><\/p><p><span style=\"font-weight: 400;\">\u2013 Anal\u00fdzu n\u00e1v\u0161tevnosti webovej str\u00e1nky na zlep\u0161enie pou\u017e\u00edvate\u013eskej sk\u00fasenosti<\/span><\/p><p><span style=\"font-weight: 400;\">\u2013 U\u013eah\u010denie reklamy a retargetingu prostredn\u00edctvom slu\u017eieb ako Google Ads.<\/span><\/p><p><span style=\"font-weight: 400;\">M\u00e1te mo\u017enos\u0165 spravova\u0165 svoje preferencie s\u00faborov cookie prostredn\u00edctvom bannera so s\u00fahlasom so s\u00fabormi cookie na na\u0161ej webovej str\u00e1nke. Podrobnej\u0161ie inform\u00e1cie n\u00e1jdete v na\u0161ich <\/span><a href=\"https:\/\/alzbetazetzmann.com\/sk\/cookie-policy\/\"><span style=\"font-weight: 400;\">Z\u00e1sad\u00e1ch pou\u017e\u00edvania s\u00faborov cookie<\/span><\/a><a href=\"https:\/\/danielapuggioni.ch\/cookie-policy\/\"><span style=\"font-weight: 400;\"> <\/span><\/a><\/p><h2><b>4. Ako pou\u017e\u00edvame Va\u0161e inform\u00e1cie<\/b><\/h2><p><span style=\"font-weight: 400;\">Zhroma\u017eden\u00e9 \u00fadaje pou\u017e\u00edvame na nasleduj\u00face \u00fa\u010dely:<\/span><\/p><p><span style=\"font-weight: 400;\">\u2013 Na optimaliz\u00e1ciu a personaliz\u00e1ciu pou\u017e\u00edvate\u013eskej sk\u00fasenosti na na\u0161ej webovej str\u00e1nke.<\/span><\/p><p><span style=\"font-weight: 400;\">\u2013 Na pochopenie toho, ako n\u00e1v\u0161tevn\u00edci pou\u017e\u00edvaj\u00fa na\u0161u webov\u00fa str\u00e1nku, a vykon\u00e1vanie zlep\u0161en\u00ed.<\/span><\/p><p><span style=\"font-weight: 400;\">\u2013 Na umo\u017enenie reklamy a marketingu vr\u00e1tane retargetingov\u00fdch kampan\u00ed prostredn\u00edctvom platforiem ako Google Ads.<\/span><\/p><h2><b>5. Slu\u017eby tret\u00edch str\u00e1n<\/b><\/h2><p><span style=\"font-weight: 400;\">Spolupracujeme s nieko\u013ek\u00fdmi poskytovate\u013emi slu\u017eieb tret\u00edch str\u00e1n, ktor\u00ed m\u00f4\u017eu ma\u0165 pr\u00edstup k Va\u0161im osobn\u00fdm \u00fadajom:<\/span><\/p><p><span style=\"font-weight: 400;\">\u2013 Websupport (na hosting na\u0161ej webovej str\u00e1nky a spr\u00e1vu n\u00e1v\u0161tevnosti)<\/span><\/p><p><span style=\"font-weight: 400;\">\u2013 Google Analytics (na anal\u00fdzu spr\u00e1vania pou\u017e\u00edvate\u013eov a n\u00e1v\u0161tevnosti)<\/span><\/p><p><span style=\"font-weight: 400;\">\u2013 Google Maps (na zobrazenie na\u0161ej adresy a navig\u00e1cie)<\/span><\/p><p><span style=\"font-weight: 400;\">\u2013 WordPress (platforma na\u0161ej webovej str\u00e1nky)<\/span><\/p><p><span style=\"font-weight: 400;\">\u2013 Zoom (na online stretnutia)<\/span><\/p><p><span style=\"font-weight: 400;\">Tieto tretie strany maj\u00fa vlastn\u00e9 z\u00e1sady ochrany osobn\u00fdch \u00fadajov, ktor\u00e9 upravuj\u00fa sp\u00f4sob spracovania Va\u0161ich \u00fadajov.<\/span><\/p><h2><b>6. Webov\u00e9 str\u00e1nky a odkazy tret\u00edch str\u00e1n<\/b><\/h2><p><span style=\"font-weight: 400;\">Na\u0161a webov\u00e1 str\u00e1nka m\u00f4\u017ee obsahova\u0165 odkazy na extern\u00e9 webov\u00e9 str\u00e1nky alebo platformy prev\u00e1dzkovan\u00e9 tret\u00edmi stranami. Ak budete sledova\u0165 tieto odkazy, mali by ste si pre\u010d\u00edta\u0165 ich z\u00e1sady ochrany osobn\u00fdch \u00fadajov a podmienky, preto\u017ee nie sme zodpovedn\u00ed za ich postupy spracovania \u00fadajov. <\/span><\/p><h2><b>7. Bezpe\u010dnos\u0165 \u00fadajov<\/b><\/h2><p><span style=\"font-weight: 400;\">Implementujeme primeran\u00e9 technick\u00e9 a organiza\u010dn\u00e9 opatrenia na zabezpe\u010denie bezpe\u010dnosti Va\u0161ich osobn\u00fdch \u00fadajov. Tieto opatrenia zah\u0155\u0148aj\u00fa \u0161ifrovanie, kontrolu pr\u00edstupu a bezpe\u010dn\u00e9 z\u00e1lohovanie na ochranu Va\u0161ich \u00fadajov. Hoci sa sna\u017e\u00edme chr\u00e1ni\u0165 Va\u0161e osobn\u00e9 \u00fadaje, prenos \u00fadajov cez internet nie je nikdy \u00faplne bezpe\u010dn\u00fd a nem\u00f4\u017eeme zaru\u010di\u0165 absol\u00fatnu bezpe\u010dnos\u0165.  <\/span><\/p><h2><b>8. Ukladanie a uchov\u00e1vanie \u00fadajov<\/b><\/h2><p><span style=\"font-weight: 400;\">Va\u0161e \u00fadaje uklad\u00e1me prostredn\u00edctvom na\u0161ich poskytovate\u013eov tret\u00edch str\u00e1n (Websupport, WordPress, Google Analytics, Google Maps, Zoom). \u00dadaje bud\u00fa uchov\u00e1van\u00e9 len tak dlho, ako je potrebn\u00e9 na splnenie \u00fa\u010delov uveden\u00fdch v t\u00fdchto z\u00e1sad\u00e1ch alebo ako to vy\u017eaduje z\u00e1kon. Ka\u017ed\u00fd poskytovate\u013e tretej strany m\u00f4\u017ee ma\u0165 vlastn\u00e9 z\u00e1sady uchov\u00e1vania (napr. \u0161tandardn\u00e9 uchov\u00e1vanie Google Analytics je 24 mesiacov). Po uplynut\u00ed tohto obdobia bud\u00fa Va\u0161e \u00fadaje bu\u010f vymazan\u00e9 alebo anonymizovan\u00e9.   <\/span><\/p><h2><b>9. Pr\u00e1va pou\u017e\u00edvate\u013eov<\/b><\/h2><p><span style=\"font-weight: 400;\">Pod\u013ea \u0161vaj\u010diarskych z\u00e1konov o ochrane \u00fadajov m\u00e1te nasleduj\u00face pr\u00e1va:<\/span><\/p><p><span style=\"font-weight: 400;\">\u2013 Pr\u00edstup: M\u00f4\u017eete po\u017eiada\u0165 o k\u00f3piu osobn\u00fdch \u00fadajov, ktor\u00e9 o V\u00e1s m\u00e1me.<\/span><\/p><p><span style=\"font-weight: 400;\">\u2013 Oprava: M\u00f4\u017eete n\u00e1s po\u017eiada\u0165 o opravu alebo aktualiz\u00e1ciu ak\u00fdchko\u013evek nepresnost\u00ed vo Va\u0161ich \u00fadajoch.<\/span><\/p><p><span style=\"font-weight: 400;\">\u2013 Vymazanie: M\u00f4\u017eete po\u017eiada\u0165 o vymazanie Va\u0161ich osobn\u00fdch \u00fadajov s v\u00fdhradou ak\u00fdchko\u013evek z\u00e1konn\u00fdch po\u017eiadaviek na uchov\u00e1vanie \u00fadajov.<\/span><\/p><p><span style=\"font-weight: 400;\">\u2013 Odvolanie s\u00fahlasu: Svoj s\u00fahlas so spracovan\u00edm \u00fadajov m\u00f4\u017eete kedyko\u013evek odvola\u0165 kontaktovan\u00edm n\u00e1s na adrese info@alzbetazetzmann.com.<\/span><\/p><p><span style=\"font-weight: 400;\">\u2013 N\u00e1mietka proti spracovaniu: M\u00e1te pr\u00e1vo namieta\u0165 proti pou\u017e\u00edvaniu Va\u0161ich \u00fadajov na marketingov\u00e9 alebo analytick\u00e9 \u00fa\u010dely.<\/span><\/p><h2><b>10. Medzin\u00e1rodn\u00e9 prenosy \u00fadajov<\/b><\/h2><p><span style=\"font-weight: 400;\">Va\u0161e \u00fadaje m\u00f4\u017eu by\u0165 prenesen\u00e9 a spracovan\u00e9 poskytovate\u013emi slu\u017eieb tret\u00edch str\u00e1n mimo \u0160vaj\u010diarska alebo E\u00da vr\u00e1tane Spojen\u00fdch \u0161t\u00e1tov (Google Analytics, Zoom). T\u00edto poskytovatelia s\u00fa povinn\u00ed dodr\u017eiava\u0165 pr\u00edslu\u0161n\u00e9 z\u00e1kony o ochrane \u00fadajov, aby boli Va\u0161e inform\u00e1cie chr\u00e1nen\u00e9. <\/span><\/p><h2><b>11. Pr\u00e1vny z\u00e1klad spracovania<\/b><\/h2><p><span style=\"font-weight: 400;\">Pri spracovan\u00ed Va\u0161ich \u00fadajov sa spoliehame na nasleduj\u00face pr\u00e1vne z\u00e1klady:<\/span><\/p><p><span style=\"font-weight: 400;\">\u2013 S\u00fahlas: Pre ak\u00e9ko\u013evek \u00fadaje, ktor\u00e9 odo\u0161lete prostredn\u00edctvom Calendly alebo priameho kontaktu.<\/span><\/p><p><span style=\"font-weight: 400;\">\u2013 Opr\u00e1vnen\u00fd z\u00e1ujem: Na anal\u00fdzu v\u00fdkonu webovej str\u00e1nky prostredn\u00edctvom Google Analytics, na pou\u017e\u00edvanie Google Maps a na bezpe\u010dn\u00fa prev\u00e1dzku na\u0161ej str\u00e1nky na Hostinger.<\/span><\/p><p><span style=\"font-weight: 400;\">\u2013 Plnenie zmluvy: Pre slu\u017eby poskytovan\u00e9 po\u010das konzult\u00e1ci\u00ed, ktor\u00e9 vy\u017eaduj\u00fa samostatn\u00fd formul\u00e1r s\u00fahlasu pred za\u010dat\u00edm akejko\u013evek rel\u00e1cie.<\/span><\/p><p><span style=\"font-weight: 400;\">Pre citliv\u00e9 zdravotn\u00e9 \u00fadaje zhroma\u017e\u010fovan\u00e9 po\u010das na\u0161ich konzult\u00e1ci\u00ed je pred za\u010dat\u00edm akejko\u013evek rel\u00e1cie potrebn\u00fd samostatn\u00fd formul\u00e1r s\u00fahlasu.<\/span><\/p><h2><b>12. \u00dadaje det\u00ed<\/b><\/h2><p><span style=\"font-weight: 400;\">Na\u0161a webov\u00e1 str\u00e1nka nie je ur\u010den\u00e1 pre deti mlad\u0161ie ako 16 rokov a vedome nezhroma\u017e\u010fujeme \u00fadaje od malolet\u00fdch. Ak ste rodi\u010d alebo opatrovn\u00edk die\u0165a\u0165a, ktor\u00e9 n\u00e1m poskytlo svoje osobn\u00e9 \u00fadaje, m\u00f4\u017eete n\u00e1s kontaktova\u0165 pomocou kontaktn\u00fdch \u00fadajov uveden\u00fdch ni\u017e\u0161ie a po\u017eiada\u0165 o ich vymazanie. <\/span><\/p><h2><b>13. Aktualiz\u00e1cie t\u00fdchto z\u00e1sad ochrany osobn\u00fdch \u00fadajov<\/b><\/h2><p><span style=\"font-weight: 400;\">Tieto z\u00e1sady ochrany osobn\u00fdch \u00fadajov m\u00f4\u017eeme z \u010dasu na \u010das aktualizova\u0165, okrem in\u00e9ho aj z d\u00f4vodu zmien v na\u0161ich postupoch alebo z in\u00fdch prev\u00e1dzkov\u00fdch, pr\u00e1vnych alebo regula\u010dn\u00fdch d\u00f4vodov. Revidovan\u00e9 z\u00e1sady ochrany osobn\u00fdch \u00fadajov zverejn\u00edme na tejto str\u00e1nke, aktualizujeme d\u00e1tum \u201eposlednej aktualiz\u00e1cie\u201c a podnikneme v\u0161etky \u010fal\u0161ie kroky vy\u017eadovan\u00e9 platn\u00fdmi pr\u00e1vnymi predpismi. <\/span><\/p><p><span style=\"font-weight: 400;\">Tieto z\u00e1sady boli naposledy aktualizovan\u00e9 1. apr\u00edla 2026.<\/span><\/p><h2><b>14. Kontaktujte n\u00e1s<\/b><\/h2><p><span style=\"font-weight: 400;\">V pr\u00edpade ak\u00fdchko\u013evek ot\u00e1zok t\u00fdkaj\u00facich sa ochrany osobn\u00fdch \u00fadajov alebo na uplatnenie Va\u0161ich pr\u00e1v n\u00e1s m\u00f4\u017eete kontaktova\u0165 na:<\/span><\/p><p><span style=\"font-weight: 400;\">Al\u017ebeta Zetzmann<\/span><span style=\"font-weight: 400;\"><br><\/span><span style=\"font-weight: 400;\">Heuberg 16<\/span><span style=\"font-weight: 400;\"><br><\/span><span style=\"font-weight: 400;\">4051 Bazilej<\/span><span style=\"font-weight: 400;\"><br><\/span><span style=\"font-weight: 400;\">\u0160vaj\u010diarsko<\/span><span style=\"font-weight: 400;\"><br><\/span><span style=\"font-weight: 400;\">info@alzbetazetzmann.com<\/span><\/p>\t\t\t\t\t\t\t\t<\/div>\n\t\t\t\t<\/div>\n\t\t\t\t\t<\/div>\n\t\t\t\t<\/div>\n\t\t\t\t<\/div>\n\t\t","protected":false},"excerpt":{"rendered":"<p>1. \u00davod My, Al\u017ebeta Zetzmann (Heuberg 16, 4051 Bazilej, \u0160vaj\u010diarsko), re\u0161pektujeme Va\u0161e s\u00fakromie a zav\u00e4zujeme sa chr\u00e1ni\u0165 Va\u0161e osobn\u00e9 \u00fadaje v s\u00falade so \u0161vaj\u010diarskym feder\u00e1lnym z\u00e1konom o ochrane \u00fadajov (FADP) a v\u0161eobecn\u00fdm nariaden\u00edm o ochrane \u00fadajov (GDPR), ak je to relevantn\u00e9. Tieto z\u00e1sady vysvet\u013euj\u00fa, ako zhroma\u017e\u010fujeme, pou\u017e\u00edvame a chr\u00e1nime Va\u0161e \u00fadaje pri n\u00e1v\u0161teve na\u0161ej webovej [&hellip;]<\/p>\n","protected":false},"author":4,"featured_media":0,"parent":0,"menu_order":0,"comment_status":"closed","ping_status":"closed","template":"","meta":{"footnotes":""},"class_list":["post-2156","page","type-page","status-publish","hentry"],"yoast_head":"<!-- This site is optimized with the Yoast SEO plugin v27.1.1 - https:\/\/yoast.com\/product\/yoast-seo-wordpress\/ -->\n<title>Z\u00e1sady ochrany osobn\u00fdch \u00fadajov - Mgr. Al\u017ebeta Zetzmann<\/title>\n<meta name=\"robots\" content=\"index, follow, max-snippet:-1, max-image-preview:large, max-video-preview:-1\" \/>\n<link rel=\"canonical\" href=\"https:\/\/alzbetazetzmann.com\/sk\/zasady-ochrany-osobnych-udajov\/\" \/>\n<meta property=\"og:locale\" content=\"sk_SK\" \/>\n<meta property=\"og:type\" content=\"article\" \/>\n<meta property=\"og:title\" content=\"Z\u00e1sady ochrany osobn\u00fdch \u00fadajov - Mgr. Al\u017ebeta Zetzmann\" \/>\n<meta property=\"og:description\" content=\"1. \u00davod My, Al\u017ebeta Zetzmann (Heuberg 16, 4051 Bazilej, \u0160vaj\u010diarsko), re\u0161pektujeme Va\u0161e s\u00fakromie a zav\u00e4zujeme sa chr\u00e1ni\u0165 Va\u0161e osobn\u00e9 \u00fadaje v s\u00falade so \u0161vaj\u010diarskym feder\u00e1lnym z\u00e1konom o ochrane \u00fadajov (FADP) a v\u0161eobecn\u00fdm nariaden\u00edm o ochrane \u00fadajov (GDPR), ak je to relevantn\u00e9. Tieto z\u00e1sady vysvet\u013euj\u00fa, ako zhroma\u017e\u010fujeme, pou\u017e\u00edvame a chr\u00e1nime Va\u0161e \u00fadaje pri n\u00e1v\u0161teve na\u0161ej webovej [&hellip;]\" \/>\n<meta property=\"og:url\" content=\"https:\/\/alzbetazetzmann.com\/sk\/zasady-ochrany-osobnych-udajov\/\" \/>\n<meta property=\"og:site_name\" content=\"Mgr. Al\u017ebeta Zetzmann\" \/>\n<meta property=\"article:modified_time\" content=\"2026-05-04T15:18:55+00:00\" \/>\n<meta name=\"twitter:card\" content=\"summary_large_image\" \/>\n<meta name=\"twitter:label1\" content=\"Predpokladan\u00fd \u010das \u010d\u00edtania\" \/>\n\t<meta name=\"twitter:data1\" content=\"6 min\u00fat\" \/>\n<!-- \/ Yoast SEO plugin. -->","yoast_head_json":{"title":"Z\u00e1sady ochrany osobn\u00fdch \u00fadajov - Mgr. Al\u017ebeta Zetzmann","robots":{"index":"index","follow":"follow","max-snippet":"max-snippet:-1","max-image-preview":"max-image-preview:large","max-video-preview":"max-video-preview:-1"},"canonical":"https:\/\/alzbetazetzmann.com\/sk\/zasady-ochrany-osobnych-udajov\/","og_locale":"sk_SK","og_type":"article","og_title":"Z\u00e1sady ochrany osobn\u00fdch \u00fadajov - Mgr. Al\u017ebeta Zetzmann","og_description":"1. \u00davod My, Al\u017ebeta Zetzmann (Heuberg 16, 4051 Bazilej, \u0160vaj\u010diarsko), re\u0161pektujeme Va\u0161e s\u00fakromie a zav\u00e4zujeme sa chr\u00e1ni\u0165 Va\u0161e osobn\u00e9 \u00fadaje v s\u00falade so \u0161vaj\u010diarskym feder\u00e1lnym z\u00e1konom o ochrane \u00fadajov (FADP) a v\u0161eobecn\u00fdm nariaden\u00edm o ochrane \u00fadajov (GDPR), ak je to relevantn\u00e9. Tieto z\u00e1sady vysvet\u013euj\u00fa, ako zhroma\u017e\u010fujeme, pou\u017e\u00edvame a chr\u00e1nime Va\u0161e \u00fadaje pri n\u00e1v\u0161teve na\u0161ej webovej [&hellip;]","og_url":"https:\/\/alzbetazetzmann.com\/sk\/zasady-ochrany-osobnych-udajov\/","og_site_name":"Mgr. Al\u017ebeta Zetzmann","article_modified_time":"2026-05-04T15:18:55+00:00","twitter_card":"summary_large_image","twitter_misc":{"Predpokladan\u00fd \u010das \u010d\u00edtania":"6 min\u00fat"},"schema":{"@context":"https:\/\/schema.org","@graph":[{"@type":"WebPage","@id":"https:\/\/alzbetazetzmann.com\/sk\/zasady-ochrany-osobnych-udajov\/","url":"https:\/\/alzbetazetzmann.com\/sk\/zasady-ochrany-osobnych-udajov\/","name":"Z\u00e1sady ochrany osobn\u00fdch \u00fadajov - Mgr. Al\u017ebeta Zetzmann","isPartOf":{"@id":"https:\/\/alzbetazetzmann.com\/sk\/#website"},"datePublished":"2026-05-04T15:05:23+00:00","dateModified":"2026-05-04T15:18:55+00:00","breadcrumb":{"@id":"https:\/\/alzbetazetzmann.com\/sk\/zasady-ochrany-osobnych-udajov\/#breadcrumb"},"inLanguage":"sk-SK","potentialAction":[{"@type":"ReadAction","target":["https:\/\/alzbetazetzmann.com\/sk\/zasady-ochrany-osobnych-udajov\/"]}]},{"@type":"BreadcrumbList","@id":"https:\/\/alzbetazetzmann.com\/sk\/zasady-ochrany-osobnych-udajov\/#breadcrumb","itemListElement":[{"@type":"ListItem","position":1,"name":"Home","item":"https:\/\/alzbetazetzmann.com\/sk\/alzbeta-zetzmann-en-new\/"},{"@type":"ListItem","position":2,"name":"Z\u00e1sady ochrany osobn\u00fdch \u00fadajov"}]},{"@type":"WebSite","@id":"https:\/\/alzbetazetzmann.com\/sk\/#website","url":"https:\/\/alzbetazetzmann.com\/sk\/","name":"Mgr. Al\u017ebeta Zetzmann","description":"Psychologicka,  terapeutka. Individualne sprevadzanie dospel\u00fdch klientov.","publisher":{"@id":"https:\/\/alzbetazetzmann.com\/sk\/#organization"},"potentialAction":[{"@type":"SearchAction","target":{"@type":"EntryPoint","urlTemplate":"https:\/\/alzbetazetzmann.com\/sk\/?s={search_term_string}"},"query-input":{"@type":"PropertyValueSpecification","valueRequired":true,"valueName":"search_term_string"}}],"inLanguage":"sk-SK"},{"@type":"Organization","@id":"https:\/\/alzbetazetzmann.com\/sk\/#organization","name":"Mgr. Al\u017ebeta Zetzmann","url":"https:\/\/alzbetazetzmann.com\/sk\/","logo":{"@type":"ImageObject","inLanguage":"sk-SK","@id":"https:\/\/alzbetazetzmann.com\/sk\/#\/schema\/logo\/image\/","url":"https:\/\/alzbetazetzmann.com\/wp-content\/uploads\/2025\/05\/hummingbird-psychologist-basel.jpg","contentUrl":"https:\/\/alzbetazetzmann.com\/wp-content\/uploads\/2025\/05\/hummingbird-psychologist-basel.jpg","width":1024,"height":1024,"caption":"Mgr. Al\u017ebeta Zetzmann"},"image":{"@id":"https:\/\/alzbetazetzmann.com\/sk\/#\/schema\/logo\/image\/"}}]}},"_links":{"self":[{"href":"https:\/\/alzbetazetzmann.com\/sk\/wp-json\/wp\/v2\/pages\/2156","targetHints":{"allow":["GET"]}}],"collection":[{"href":"https:\/\/alzbetazetzmann.com\/sk\/wp-json\/wp\/v2\/pages"}],"about":[{"href":"https:\/\/alzbetazetzmann.com\/sk\/wp-json\/wp\/v2\/types\/page"}],"author":[{"embeddable":true,"href":"https:\/\/alzbetazetzmann.com\/sk\/wp-json\/wp\/v2\/users\/4"}],"replies":[{"embeddable":true,"href":"https:\/\/alzbetazetzmann.com\/sk\/wp-json\/wp\/v2\/comments?post=2156"}],"version-history":[{"count":1,"href":"https:\/\/alzbetazetzmann.com\/sk\/wp-json\/wp\/v2\/pages\/2156\/revisions"}],"predecessor-version":[{"id":2157,"href":"https:\/\/alzbetazetzmann.com\/sk\/wp-json\/wp\/v2\/pages\/2156\/revisions\/2157"}],"wp:attachment":[{"href":"https:\/\/alzbetazetzmann.com\/sk\/wp-json\/wp\/v2\/media?parent=2156"}],"curies":[{"name":"wp","href":"https:\/\/api.w.org\/{rel}","templated":true}]}}