{"id":1939,"date":"2026-03-27T09:58:32","date_gmt":"2026-03-27T08:58:32","guid":{"rendered":"https:\/\/alzbetazetzmann.com\/cookie-policy\/"},"modified":"2026-03-27T10:06:53","modified_gmt":"2026-03-27T09:06:53","slug":"cookie-policy","status":"publish","type":"page","link":"https:\/\/alzbetazetzmann.com\/sk\/cookie-policy\/","title":{"rendered":"Z\u00e1sady pou\u017e\u00edvania s\u00faborov cookie"},"content":{"rendered":"\t\t<div data-elementor-type=\"wp-page\" data-elementor-id=\"1939\" class=\"elementor elementor-1939 elementor-1929\" data-elementor-post-type=\"page\">\n\t\t\t\t<div class=\"elementor-element elementor-element-93ac1e2 e-flex e-con-boxed e-con e-parent\" data-id=\"93ac1e2\" data-element_type=\"container\">\n\t\t\t\t\t<div class=\"e-con-inner\">\n\t\t\t\t<div class=\"elementor-element elementor-element-0c85d74 elementor-widget elementor-widget-heading\" data-id=\"0c85d74\" data-element_type=\"widget\" data-widget_type=\"heading.default\">\n\t\t\t\t<div class=\"elementor-widget-container\">\n\t\t\t\t\t<h1 class=\"elementor-heading-title elementor-size-default\">Z\u00e1sady pou\u017e\u00edvania s\u00faborov cookie<\/h1>\t\t\t\t<\/div>\n\t\t\t\t<\/div>\n\t\t\t\t<div class=\"elementor-element elementor-element-e662a97 elementor-widget elementor-widget-text-editor\" data-id=\"e662a97\" data-element_type=\"widget\" data-widget_type=\"text-editor.default\">\n\t\t\t\t<div class=\"elementor-widget-container\">\n\t\t\t\t\t\t\t\t\t<p>D\u00e1tum \u00fa\u010dinnosti: 27. marca 2026<br>Posledn\u00e1 aktualiz\u00e1cia: 27. marca 2026<\/p>\t\t\t\t\t\t\t\t<\/div>\n\t\t\t\t<\/div>\n\t\t\t\t<div class=\"elementor-element elementor-element-4caa77d elementor-widget elementor-widget-heading\" data-id=\"4caa77d\" data-element_type=\"widget\" data-widget_type=\"heading.default\">\n\t\t\t\t<div class=\"elementor-widget-container\">\n\t\t\t\t\t<h2 class=\"elementor-heading-title elementor-size-default\">\u010co jsou s\u00fabory cookie?<\/h2>\t\t\t\t<\/div>\n\t\t\t\t<\/div>\n\t\t\t\t<div class=\"elementor-element elementor-element-ba4aeb4 elementor-widget elementor-widget-text-editor\" data-id=\"ba4aeb4\" data-element_type=\"widget\" data-widget_type=\"text-editor.default\">\n\t\t\t\t<div class=\"elementor-widget-container\">\n\t\t\t\t\t\t\t\t\t<p>Tieto Z\u00e1sady pou\u017e\u00edvania s\u00faborov cookie vysvet\u013euj\u00fa, \u010do s\u00fa s\u00fabory cookie a ako ich pou\u017e\u00edvame, ak\u00e9 typy s\u00faborov cookie pou\u017e\u00edvame, t. j. ak\u00e9 inform\u00e1cie prostredn\u00edctvom s\u00faborov cookie zhroma\u017e\u010fujeme a ako sa tieto inform\u00e1cie pou\u017e\u00edvaj\u00fa, a ako spravova\u0165 nastavenia s\u00faborov cookie.<\/p><p>S\u00fabory cookie s\u00fa mal\u00e9 textov\u00e9 s\u00fabory pou\u017e\u00edvan\u00e9 na ukladanie mal\u00fdch \u010dast\u00ed inform\u00e1ci\u00ed. Ukladaj\u00fa sa do v\u00e1\u0161ho zariadenia, ke\u010f sa webov\u00e1 str\u00e1nka na\u010d\u00edta vo va\u0161om prehliada\u010di. Tieto s\u00fabory cookie n\u00e1m pom\u00e1haj\u00fa zabezpe\u010di\u0165 spr\u00e1vne fungovanie webovej str\u00e1nky, zv\u00fd\u0161i\u0165 bezpe\u010dnos\u0165, poskytn\u00fa\u0165 lep\u0161iu pou\u017e\u00edvate\u013esk\u00fa sk\u00fasenos\u0165 a pochopi\u0165, ako webov\u00e1 str\u00e1nka funguje, analyzova\u0165, \u010do funguje a kde s\u00fa potrebn\u00e9 vylep\u0161enia.  <\/p>\t\t\t\t\t\t\t\t<\/div>\n\t\t\t\t<\/div>\n\t\t\t\t<div class=\"elementor-element elementor-element-7b3e9eb elementor-widget elementor-widget-heading\" data-id=\"7b3e9eb\" data-element_type=\"widget\" data-widget_type=\"heading.default\">\n\t\t\t\t<div class=\"elementor-widget-container\">\n\t\t\t\t\t<h2 class=\"elementor-heading-title elementor-size-default\">Ako pou\u017e\u00edvame s\u00fabory cookie?<\/h2>\t\t\t\t<\/div>\n\t\t\t\t<\/div>\n\t\t\t\t<div class=\"elementor-element elementor-element-848a4f7 elementor-widget elementor-widget-text-editor\" data-id=\"848a4f7\" data-element_type=\"widget\" data-widget_type=\"text-editor.default\">\n\t\t\t\t<div class=\"elementor-widget-container\">\n\t\t\t\t\t\t\t\t\t<p>Rovnako ako v\u00e4\u010d\u0161ina online slu\u017eieb, na\u0161a webov\u00e1 str\u00e1nka pou\u017e\u00edva vlastn\u00e9 s\u00fabory cookie a s\u00fabory cookie tret\u00edch str\u00e1n na nieko\u013eko \u00fa\u010delov. Vlastn\u00e9 s\u00fabory cookie s\u00fa v\u00e4\u010d\u0161inou nevyhnutn\u00e9 pre spr\u00e1vne fungovanie webovej str\u00e1nky a nezhroma\u017e\u010fuj\u00fa \u017eiadne va\u0161e osobne identifikovate\u013en\u00e9 \u00fadaje. <\/p><p>S\u00fabory cookie tret\u00edch str\u00e1n pou\u017e\u00edvan\u00e9 na na\u0161ej webovej str\u00e1nke sl\u00fa\u017eia predov\u0161etk\u00fdm na pochopenie toho, ako webov\u00e1 str\u00e1nka funguje, ako komunikujete s na\u0161ou webovou str\u00e1nkou, zabezpe\u010denie na\u0161ich slu\u017eieb, poskytovanie rekl\u00e1m, ktor\u00e9 s\u00fa pre v\u00e1s relevantn\u00e9, a v\u0161eobecne poskytovanie lep\u0161ej a vylep\u0161enej pou\u017e\u00edvate\u013eskej sk\u00fasenosti a pomoc pri zr\u00fdchlen\u00ed bud\u00facich interakci\u00ed s na\u0161ou webovou str\u00e1nkou.<\/p>\t\t\t\t\t\t\t\t<\/div>\n\t\t\t\t<\/div>\n\t\t\t\t<div class=\"elementor-element elementor-element-b9c077d elementor-widget elementor-widget-heading\" data-id=\"b9c077d\" data-element_type=\"widget\" data-widget_type=\"heading.default\">\n\t\t\t\t<div class=\"elementor-widget-container\">\n\t\t\t\t\t<h2 class=\"elementor-heading-title elementor-size-default\">Typy s\u00faborov cookie, ktor\u00e9 pou\u017e\u00edvame<\/h2>\t\t\t\t<\/div>\n\t\t\t\t<\/div>\n\t\t\t\t<div class=\"elementor-element elementor-element-21e48ff elementor-widget elementor-widget-shortcode\" data-id=\"21e48ff\" data-element_type=\"widget\" data-widget_type=\"shortcode.default\">\n\t\t\t\t<div class=\"elementor-widget-container\">\n\t\t\t\t\t\t\t<div class=\"elementor-shortcode\">    <div class=\"cky-audit-table-element\"><\/div>\n\n\n<\/div>\n\t\t\t\t\t\t<\/div>\n\t\t\t\t<\/div>\n\t\t\t\t<div class=\"elementor-element elementor-element-b71ed09 elementor-widget elementor-widget-heading\" data-id=\"b71ed09\" data-element_type=\"widget\" data-widget_type=\"heading.default\">\n\t\t\t\t<div class=\"elementor-widget-container\">\n\t\t\t\t\t<h2 class=\"elementor-heading-title elementor-size-default\">Spravova\u0165 predvo\u013eby s\u00faborov cookie<\/h2>\t\t\t\t<\/div>\n\t\t\t\t<\/div>\n\t\t\t\t<div class=\"elementor-element elementor-element-7d436a9 cky-banner-element elementor-widget elementor-widget-button\" data-id=\"7d436a9\" data-element_type=\"widget\" data-widget_type=\"button.default\">\n\t\t\t\t<div class=\"elementor-widget-container\">\n\t\t\t\t\t\t\t\t\t<div class=\"elementor-button-wrapper\">\n\t\t\t\t\t<a class=\"elementor-button elementor-size-sm\" role=\"button\">\n\t\t\t\t\t\t<span class=\"elementor-button-content-wrapper\">\n\t\t\t\t\t\t\t\t\t<span class=\"elementor-button-text\">Spravova\u0165 predvo\u013eby s\u00faborov cookie<\/span>\n\t\t\t\t\t<\/span>\n\t\t\t\t\t<\/a>\n\t\t\t\t<\/div>\n\t\t\t\t\t\t\t\t<\/div>\n\t\t\t\t<\/div>\n\t\t\t\t<div class=\"elementor-element elementor-element-4840d44 elementor-widget elementor-widget-text-editor\" data-id=\"4840d44\" data-element_type=\"widget\" data-widget_type=\"text-editor.default\">\n\t\t\t\t<div class=\"elementor-widget-container\">\n\t\t\t\t\t\t\t\t\t<p>Nastavenia s\u00faborov cookie m\u00f4\u017eete kedyko\u013evek zmeni\u0165 kliknut\u00edm na tla\u010didlo vy\u0161\u0161ie. To v\u00e1m umo\u017en\u00ed znovu zobrazi\u0165 banner so s\u00fahlasom so s\u00fabormi cookie a zmeni\u0165 nastavenia alebo okam\u017eite odvola\u0165 svoj s\u00fahlas. <\/p><p>Okrem toho r\u00f4zne prehliada\u010de poskytuj\u00fa r\u00f4zne met\u00f3dy blokovania a odstra\u0148ovania s\u00faborov cookie pou\u017e\u00edvan\u00fdch webov\u00fdmi str\u00e1nkami. Nastavenia prehliada\u010da m\u00f4\u017eete zmeni\u0165 tak, aby ste blokovali\/odstr\u00e1nili s\u00fabory cookie. Ni\u017e\u0161ie s\u00fa uveden\u00e9 odkazy na dokumenty podpory o tom, ako spravova\u0165 a odstr\u00e1ni\u0165 s\u00fabory cookie z hlavn\u00fdch webov\u00fdch prehliada\u010dov.  <\/p><p>Ak pou\u017e\u00edvate in\u00fd prehliada\u010d, nav\u0161t\u00edvte pros\u00edm ofici\u00e1lne dokumenty podpory v\u00e1\u0161ho prehliada\u010da.<\/p><p>Chrome: https:\/\/support.google.com\/accounts\/answer\/32050<\/p><p>Safari: https:\/\/support.apple.com\/en-in\/guide\/safari\/sfri11471\/mac<\/p><p>Firefox: https:\/\/support.mozilla.org\/en-US\/kb\/clear-cookies-and-site-data-firefox?redirectslug=delete-cookies-remove-info-websites-stored&amp;redirectlocale=en-US<\/p><p>Internet Explorer: https:\/\/support.microsoft.com\/en-us\/topic\/how-to-delete-cookie-files-in-internet-explorer-bca9446f-d873-78de-77ba-d42645fa52fc<\/p><p>Z\u00e1sady pou\u017e\u00edvania s\u00faborov cookie vygenerovan\u00e9 slu\u017ebou CookieYes \u2013 Gener\u00e1tor z\u00e1sad pou\u017e\u00edvania s\u00faborov cookie.<\/p>\t\t\t\t\t\t\t\t<\/div>\n\t\t\t\t<\/div>\n\t\t\t\t\t<\/div>\n\t\t\t\t<\/div>\n\t\t\t\t<\/div>\n\t\t","protected":false},"excerpt":{"rendered":"<p>Z\u00e1sady pou\u017e\u00edvania s\u00faborov cookie D\u00e1tum \u00fa\u010dinnosti: 27. marca 2026Posledn\u00e1 aktualiz\u00e1cia: 27. marca 2026 \u010co jsou s\u00fabory cookie? Tieto Z\u00e1sady pou\u017e\u00edvania s\u00faborov cookie vysvet\u013euj\u00fa, \u010do s\u00fa s\u00fabory cookie a ako ich pou\u017e\u00edvame, ak\u00e9 typy s\u00faborov cookie pou\u017e\u00edvame, t. j. ak\u00e9 inform\u00e1cie prostredn\u00edctvom s\u00faborov cookie zhroma\u017e\u010fujeme a ako sa tieto inform\u00e1cie pou\u017e\u00edvaj\u00fa, a ako spravova\u0165 nastavenia s\u00faborov [&hellip;]<\/p>\n","protected":false},"author":4,"featured_media":0,"parent":0,"menu_order":0,"comment_status":"closed","ping_status":"closed","template":"","meta":{"footnotes":""},"class_list":["post-1939","page","type-page","status-publish","hentry"],"yoast_head":"<!-- This site is optimized with the Yoast SEO plugin v27.1.1 - https:\/\/yoast.com\/product\/yoast-seo-wordpress\/ -->\n<title>Z\u00e1sady pou\u017e\u00edvania s\u00faborov cookie - Mgr. Al\u017ebeta Zetzmann<\/title>\n<meta name=\"robots\" content=\"index, follow, max-snippet:-1, max-image-preview:large, max-video-preview:-1\" \/>\n<link rel=\"canonical\" href=\"https:\/\/alzbetazetzmann.com\/sk\/cookie-policy\/\" \/>\n<meta property=\"og:locale\" content=\"sk_SK\" \/>\n<meta property=\"og:type\" content=\"article\" \/>\n<meta property=\"og:title\" content=\"Z\u00e1sady pou\u017e\u00edvania s\u00faborov cookie - Mgr. Al\u017ebeta Zetzmann\" \/>\n<meta property=\"og:description\" content=\"Z\u00e1sady pou\u017e\u00edvania s\u00faborov cookie D\u00e1tum \u00fa\u010dinnosti: 27. marca 2026Posledn\u00e1 aktualiz\u00e1cia: 27. marca 2026 \u010co jsou s\u00fabory cookie? Tieto Z\u00e1sady pou\u017e\u00edvania s\u00faborov cookie vysvet\u013euj\u00fa, \u010do s\u00fa s\u00fabory cookie a ako ich pou\u017e\u00edvame, ak\u00e9 typy s\u00faborov cookie pou\u017e\u00edvame, t. j. ak\u00e9 inform\u00e1cie prostredn\u00edctvom s\u00faborov cookie zhroma\u017e\u010fujeme a ako sa tieto inform\u00e1cie pou\u017e\u00edvaj\u00fa, a ako spravova\u0165 nastavenia s\u00faborov [&hellip;]\" \/>\n<meta property=\"og:url\" content=\"https:\/\/alzbetazetzmann.com\/sk\/cookie-policy\/\" \/>\n<meta property=\"og:site_name\" content=\"Mgr. Al\u017ebeta Zetzmann\" \/>\n<meta property=\"article:modified_time\" content=\"2026-03-27T09:06:53+00:00\" \/>\n<meta name=\"twitter:card\" content=\"summary_large_image\" \/>\n<meta name=\"twitter:label1\" content=\"Predpokladan\u00fd \u010das \u010d\u00edtania\" \/>\n\t<meta name=\"twitter:data1\" content=\"2 min\u00faty\" \/>\n<!-- \/ Yoast SEO plugin. -->","yoast_head_json":{"title":"Z\u00e1sady pou\u017e\u00edvania s\u00faborov cookie - Mgr. Al\u017ebeta Zetzmann","robots":{"index":"index","follow":"follow","max-snippet":"max-snippet:-1","max-image-preview":"max-image-preview:large","max-video-preview":"max-video-preview:-1"},"canonical":"https:\/\/alzbetazetzmann.com\/sk\/cookie-policy\/","og_locale":"sk_SK","og_type":"article","og_title":"Z\u00e1sady pou\u017e\u00edvania s\u00faborov cookie - Mgr. Al\u017ebeta Zetzmann","og_description":"Z\u00e1sady pou\u017e\u00edvania s\u00faborov cookie D\u00e1tum \u00fa\u010dinnosti: 27. marca 2026Posledn\u00e1 aktualiz\u00e1cia: 27. marca 2026 \u010co jsou s\u00fabory cookie? Tieto Z\u00e1sady pou\u017e\u00edvania s\u00faborov cookie vysvet\u013euj\u00fa, \u010do s\u00fa s\u00fabory cookie a ako ich pou\u017e\u00edvame, ak\u00e9 typy s\u00faborov cookie pou\u017e\u00edvame, t. j. ak\u00e9 inform\u00e1cie prostredn\u00edctvom s\u00faborov cookie zhroma\u017e\u010fujeme a ako sa tieto inform\u00e1cie pou\u017e\u00edvaj\u00fa, a ako spravova\u0165 nastavenia s\u00faborov [&hellip;]","og_url":"https:\/\/alzbetazetzmann.com\/sk\/cookie-policy\/","og_site_name":"Mgr. Al\u017ebeta Zetzmann","article_modified_time":"2026-03-27T09:06:53+00:00","twitter_card":"summary_large_image","twitter_misc":{"Predpokladan\u00fd \u010das \u010d\u00edtania":"2 min\u00faty"},"schema":{"@context":"https:\/\/schema.org","@graph":[{"@type":"WebPage","@id":"https:\/\/alzbetazetzmann.com\/sk\/cookie-policy\/","url":"https:\/\/alzbetazetzmann.com\/sk\/cookie-policy\/","name":"Z\u00e1sady pou\u017e\u00edvania s\u00faborov cookie - Mgr. Al\u017ebeta Zetzmann","isPartOf":{"@id":"https:\/\/alzbetazetzmann.com\/sk\/#website"},"datePublished":"2026-03-27T08:58:32+00:00","dateModified":"2026-03-27T09:06:53+00:00","breadcrumb":{"@id":"https:\/\/alzbetazetzmann.com\/sk\/cookie-policy\/#breadcrumb"},"inLanguage":"sk-SK","potentialAction":[{"@type":"ReadAction","target":["https:\/\/alzbetazetzmann.com\/sk\/cookie-policy\/"]}]},{"@type":"BreadcrumbList","@id":"https:\/\/alzbetazetzmann.com\/sk\/cookie-policy\/#breadcrumb","itemListElement":[{"@type":"ListItem","position":1,"name":"Home","item":"https:\/\/alzbetazetzmann.com\/sk\/alzbeta-zetzmann-en-new\/"},{"@type":"ListItem","position":2,"name":"Z\u00e1sady pou\u017e\u00edvania s\u00faborov cookie"}]},{"@type":"WebSite","@id":"https:\/\/alzbetazetzmann.com\/sk\/#website","url":"https:\/\/alzbetazetzmann.com\/sk\/","name":"Mgr. Al\u017ebeta Zetzmann","description":"Psychologicka,  terapeutka. Individualne sprevadzanie dospel\u00fdch klientov.","publisher":{"@id":"https:\/\/alzbetazetzmann.com\/sk\/#organization"},"potentialAction":[{"@type":"SearchAction","target":{"@type":"EntryPoint","urlTemplate":"https:\/\/alzbetazetzmann.com\/sk\/?s={search_term_string}"},"query-input":{"@type":"PropertyValueSpecification","valueRequired":true,"valueName":"search_term_string"}}],"inLanguage":"sk-SK"},{"@type":"Organization","@id":"https:\/\/alzbetazetzmann.com\/sk\/#organization","name":"Mgr. Al\u017ebeta Zetzmann","url":"https:\/\/alzbetazetzmann.com\/sk\/","logo":{"@type":"ImageObject","inLanguage":"sk-SK","@id":"https:\/\/alzbetazetzmann.com\/sk\/#\/schema\/logo\/image\/","url":"https:\/\/alzbetazetzmann.com\/wp-content\/uploads\/2025\/05\/hummingbird-psychologist-basel.jpg","contentUrl":"https:\/\/alzbetazetzmann.com\/wp-content\/uploads\/2025\/05\/hummingbird-psychologist-basel.jpg","width":1024,"height":1024,"caption":"Mgr. Al\u017ebeta Zetzmann"},"image":{"@id":"https:\/\/alzbetazetzmann.com\/sk\/#\/schema\/logo\/image\/"}}]}},"_links":{"self":[{"href":"https:\/\/alzbetazetzmann.com\/sk\/wp-json\/wp\/v2\/pages\/1939","targetHints":{"allow":["GET"]}}],"collection":[{"href":"https:\/\/alzbetazetzmann.com\/sk\/wp-json\/wp\/v2\/pages"}],"about":[{"href":"https:\/\/alzbetazetzmann.com\/sk\/wp-json\/wp\/v2\/types\/page"}],"author":[{"embeddable":true,"href":"https:\/\/alzbetazetzmann.com\/sk\/wp-json\/wp\/v2\/users\/4"}],"replies":[{"embeddable":true,"href":"https:\/\/alzbetazetzmann.com\/sk\/wp-json\/wp\/v2\/comments?post=1939"}],"version-history":[{"count":1,"href":"https:\/\/alzbetazetzmann.com\/sk\/wp-json\/wp\/v2\/pages\/1939\/revisions"}],"predecessor-version":[{"id":1940,"href":"https:\/\/alzbetazetzmann.com\/sk\/wp-json\/wp\/v2\/pages\/1939\/revisions\/1940"}],"wp:attachment":[{"href":"https:\/\/alzbetazetzmann.com\/sk\/wp-json\/wp\/v2\/media?parent=1939"}],"curies":[{"name":"wp","href":"https:\/\/api.w.org\/{rel}","templated":true}]}}