{"id":1937,"date":"2026-03-27T09:58:32","date_gmt":"2026-03-27T08:58:32","guid":{"rendered":"https:\/\/alzbetazetzmann.com\/cookie-richtlinie\/"},"modified":"2026-03-27T10:05:48","modified_gmt":"2026-03-27T09:05:48","slug":"cookie-richtlinie","status":"publish","type":"page","link":"https:\/\/alzbetazetzmann.com\/de\/cookie-richtlinie\/","title":{"rendered":"Cookie-Richtlinie"},"content":{"rendered":"\t\t<div data-elementor-type=\"wp-page\" data-elementor-id=\"1937\" class=\"elementor elementor-1937 elementor-1929\" data-elementor-post-type=\"page\">\n\t\t\t\t<div class=\"elementor-element elementor-element-93ac1e2 e-flex e-con-boxed e-con e-parent\" data-id=\"93ac1e2\" data-element_type=\"container\">\n\t\t\t\t\t<div class=\"e-con-inner\">\n\t\t\t\t<div class=\"elementor-element elementor-element-0c85d74 elementor-widget elementor-widget-heading\" data-id=\"0c85d74\" data-element_type=\"widget\" data-widget_type=\"heading.default\">\n\t\t\t\t<div class=\"elementor-widget-container\">\n\t\t\t\t\t<h1 class=\"elementor-heading-title elementor-size-default\">Cookie-Richtlinie<\/h1>\t\t\t\t<\/div>\n\t\t\t\t<\/div>\n\t\t\t\t<div class=\"elementor-element elementor-element-e662a97 elementor-widget elementor-widget-text-editor\" data-id=\"e662a97\" data-element_type=\"widget\" data-widget_type=\"text-editor.default\">\n\t\t\t\t<div class=\"elementor-widget-container\">\n\t\t\t\t\t\t\t\t\t<p>Inkrafttreten: 27. M\u00e4rz 2026<br>Zuletzt aktualisiert: 27. M\u00e4rz 2026<\/p>\t\t\t\t\t\t\t\t<\/div>\n\t\t\t\t<\/div>\n\t\t\t\t<div class=\"elementor-element elementor-element-4caa77d elementor-widget elementor-widget-heading\" data-id=\"4caa77d\" data-element_type=\"widget\" data-widget_type=\"heading.default\">\n\t\t\t\t<div class=\"elementor-widget-container\">\n\t\t\t\t\t<h2 class=\"elementor-heading-title elementor-size-default\">Was sind Cookies?<\/h2>\t\t\t\t<\/div>\n\t\t\t\t<\/div>\n\t\t\t\t<div class=\"elementor-element elementor-element-ba4aeb4 elementor-widget elementor-widget-text-editor\" data-id=\"ba4aeb4\" data-element_type=\"widget\" data-widget_type=\"text-editor.default\">\n\t\t\t\t<div class=\"elementor-widget-container\">\n\t\t\t\t\t\t\t\t\t<p>Diese Cookie-Richtlinie erkl\u00e4rt, was Cookies sind und wie wir sie verwenden, welche Arten von Cookies wir einsetzen \u2013 d. h. welche Informationen wir mithilfe von Cookies sammeln und wie diese Informationen verwendet werden \u2013 und wie Sie Ihre Cookie-Einstellungen verwalten k\u00f6nnen.<\/p><p>Cookies sind kleine Textdateien, die dazu dienen, kleine Informationseinheiten zu speichern. Sie werden auf Ihrem Ger\u00e4t gespeichert, wenn eine Website in Ihrem Browser geladen wird. Diese Cookies helfen uns dabei, die ordnungsgem\u00e4\u00dfe Funktion der Website zu gew\u00e4hrleisten, die Sicherheit zu erh\u00f6hen, eine bessere Nutzererfahrung zu bieten sowie die Leistung der Website zu verstehen und zu analysieren, was funktioniert und wo Verbesserungen erforderlich sind.  <\/p>\t\t\t\t\t\t\t\t<\/div>\n\t\t\t\t<\/div>\n\t\t\t\t<div class=\"elementor-element elementor-element-7b3e9eb elementor-widget elementor-widget-heading\" data-id=\"7b3e9eb\" data-element_type=\"widget\" data-widget_type=\"heading.default\">\n\t\t\t\t<div class=\"elementor-widget-container\">\n\t\t\t\t\t<h2 class=\"elementor-heading-title elementor-size-default\">Wie verwenden wir Cookies?<\/h2>\t\t\t\t<\/div>\n\t\t\t\t<\/div>\n\t\t\t\t<div class=\"elementor-element elementor-element-848a4f7 elementor-widget elementor-widget-text-editor\" data-id=\"848a4f7\" data-element_type=\"widget\" data-widget_type=\"text-editor.default\">\n\t\t\t\t<div class=\"elementor-widget-container\">\n\t\t\t\t\t\t\t\t\t<p>Wie die meisten Online-Dienste verwendet unsere Website Erst- und Drittanbieter-Cookies f\u00fcr verschiedene Zwecke. Erstanbieter-Cookies sind zumeist f\u00fcr das ordnungsgem\u00e4\u00dfe Funktionieren der Website erforderlich und erfassen keine Ihrer personenbezogenen Daten. <\/p><p>Die auf unserer Website verwendeten Drittanbieter-Cookies dienen in erster Linie dazu, zu verstehen, wie die Website funktioniert und wie Sie mit unserer Website interagieren, unsere Dienste sicherzustellen, f\u00fcr Sie relevante Werbung bereitzustellen und insgesamt eine bessere und optimierte Nutzererfahrung zu bieten sowie k\u00fcnftige Interaktionen mit unserer Website zu beschleunigen.<\/p>\t\t\t\t\t\t\t\t<\/div>\n\t\t\t\t<\/div>\n\t\t\t\t<div class=\"elementor-element elementor-element-b9c077d elementor-widget elementor-widget-heading\" data-id=\"b9c077d\" data-element_type=\"widget\" data-widget_type=\"heading.default\">\n\t\t\t\t<div class=\"elementor-widget-container\">\n\t\t\t\t\t<h2 class=\"elementor-heading-title elementor-size-default\">Arten von Cookies, die wir verwenden<\/h2>\t\t\t\t<\/div>\n\t\t\t\t<\/div>\n\t\t\t\t<div class=\"elementor-element elementor-element-21e48ff elementor-widget elementor-widget-shortcode\" data-id=\"21e48ff\" data-element_type=\"widget\" data-widget_type=\"shortcode.default\">\n\t\t\t\t<div class=\"elementor-widget-container\">\n\t\t\t\t\t\t\t<div class=\"elementor-shortcode\">    <div class=\"cky-audit-table-element\"><\/div>\n\n\n<\/div>\n\t\t\t\t\t\t<\/div>\n\t\t\t\t<\/div>\n\t\t\t\t<div class=\"elementor-element elementor-element-b71ed09 elementor-widget elementor-widget-heading\" data-id=\"b71ed09\" data-element_type=\"widget\" data-widget_type=\"heading.default\">\n\t\t\t\t<div class=\"elementor-widget-container\">\n\t\t\t\t\t<h2 class=\"elementor-heading-title elementor-size-default\">Cookie-Einstellungen verwalten<\/h2>\t\t\t\t<\/div>\n\t\t\t\t<\/div>\n\t\t\t\t<div class=\"elementor-element elementor-element-7d436a9 cky-banner-element elementor-widget elementor-widget-button\" data-id=\"7d436a9\" data-element_type=\"widget\" data-widget_type=\"button.default\">\n\t\t\t\t<div class=\"elementor-widget-container\">\n\t\t\t\t\t\t\t\t\t<div class=\"elementor-button-wrapper\">\n\t\t\t\t\t<a class=\"elementor-button elementor-size-sm\" role=\"button\">\n\t\t\t\t\t\t<span class=\"elementor-button-content-wrapper\">\n\t\t\t\t\t\t\t\t\t<span class=\"elementor-button-text\">Cookie-Einstellungen verwalten<\/span>\n\t\t\t\t\t<\/span>\n\t\t\t\t\t<\/a>\n\t\t\t\t<\/div>\n\t\t\t\t\t\t\t\t<\/div>\n\t\t\t\t<\/div>\n\t\t\t\t<div class=\"elementor-element elementor-element-4840d44 elementor-widget elementor-widget-text-editor\" data-id=\"4840d44\" data-element_type=\"widget\" data-widget_type=\"text-editor.default\">\n\t\t\t\t<div class=\"elementor-widget-container\">\n\t\t\t\t\t\t\t\t\t<p>Sie k\u00f6nnen Ihre Cookie-Einstellungen jederzeit \u00e4ndern, indem Sie auf die obige Schaltfl\u00e4che klicken. Dies erm\u00f6glicht es Ihnen, das Cookie-Einwilligungsbanner erneut aufzurufen und Ihre Einstellungen zu \u00e4ndern oder Ihre Einwilligung sofort zu widerrufen. <\/p><p>Dar\u00fcber hinaus bieten verschiedene Browser unterschiedliche Methoden an, um von Websites verwendete Cookies zu blockieren und zu l\u00f6schen. Sie k\u00f6nnen Ihre Browsereinstellungen \u00e4ndern, um Cookies zu blockieren oder zu l\u00f6schen. Nachfolgend finden Sie Links zu den Support-Dokumenten der wichtigsten Webbrowser zur Verwaltung und L\u00f6schung von Cookies.  <\/p><p>Wenn Sie einen anderen Browser verwenden, besuchen Sie bitte die offiziellen Support-Dokumente Ihres Browsers.<\/p><p>Chrome: https:\/\/support.google.com\/accounts\/answer\/32050<\/p><p>Safari: https:\/\/support.apple.com\/de-de\/guide\/safari\/sfri11471\/mac<\/p><p>Firefox: https:\/\/support.mozilla.org\/de\/kb\/cookies-und-website-daten-in-firefox-loschen?redirectslug=delete-cookies-remove-info-websites-stored&amp;redirectlocale=en-US<\/p><p>Internet Explorer: https:\/\/support.microsoft.com\/de-de\/topic\/l%C3%B6schen-von-cookiedateien-in-internet-explorer-bca9446f-d873-78de-77ba-d42645fa52fc<\/p><p>Cookie-Richtlinie erstellt von CookieYes \u2013 Cookie Policy Generator.<\/p>\t\t\t\t\t\t\t\t<\/div>\n\t\t\t\t<\/div>\n\t\t\t\t\t<\/div>\n\t\t\t\t<\/div>\n\t\t\t\t<\/div>\n\t\t","protected":false},"excerpt":{"rendered":"<p>Cookie-Richtlinie Inkrafttreten: 27. M\u00e4rz 2026Zuletzt aktualisiert: 27. M\u00e4rz 2026 Was sind Cookies? Diese Cookie-Richtlinie erkl\u00e4rt, was Cookies sind und wie wir sie verwenden, welche Arten von Cookies wir einsetzen \u2013 d. h. welche Informationen wir mithilfe von Cookies sammeln und wie diese Informationen verwendet werden \u2013 und wie Sie Ihre Cookie-Einstellungen verwalten k\u00f6nnen. Cookies sind [&hellip;]<\/p>\n","protected":false},"author":4,"featured_media":0,"parent":0,"menu_order":0,"comment_status":"closed","ping_status":"closed","template":"","meta":{"footnotes":""},"class_list":["post-1937","page","type-page","status-publish","hentry"],"yoast_head":"<!-- This site is optimized with the Yoast SEO plugin v27.1.1 - https:\/\/yoast.com\/product\/yoast-seo-wordpress\/ -->\n<title>Cookie-Richtlinie - Mgr. Al\u017ebeta Zetzmann<\/title>\n<meta name=\"robots\" content=\"index, follow, max-snippet:-1, max-image-preview:large, max-video-preview:-1\" \/>\n<link rel=\"canonical\" href=\"https:\/\/alzbetazetzmann.com\/de\/cookie-richtlinie\/\" \/>\n<meta property=\"og:locale\" content=\"de_DE\" \/>\n<meta property=\"og:type\" content=\"article\" \/>\n<meta property=\"og:title\" content=\"Cookie-Richtlinie - Mgr. Al\u017ebeta Zetzmann\" \/>\n<meta property=\"og:description\" content=\"Cookie-Richtlinie Inkrafttreten: 27. M\u00e4rz 2026Zuletzt aktualisiert: 27. M\u00e4rz 2026 Was sind Cookies? Diese Cookie-Richtlinie erkl\u00e4rt, was Cookies sind und wie wir sie verwenden, welche Arten von Cookies wir einsetzen \u2013 d. h. welche Informationen wir mithilfe von Cookies sammeln und wie diese Informationen verwendet werden \u2013 und wie Sie Ihre Cookie-Einstellungen verwalten k\u00f6nnen. Cookies sind [&hellip;]\" \/>\n<meta property=\"og:url\" content=\"https:\/\/alzbetazetzmann.com\/de\/cookie-richtlinie\/\" \/>\n<meta property=\"og:site_name\" content=\"Mgr. Al\u017ebeta Zetzmann\" \/>\n<meta property=\"article:modified_time\" content=\"2026-03-27T09:05:48+00:00\" \/>\n<meta name=\"twitter:card\" content=\"summary_large_image\" \/>\n<meta name=\"twitter:label1\" content=\"Gesch\u00e4tzte Lesezeit\" \/>\n\t<meta name=\"twitter:data1\" content=\"2\u00a0Minuten\" \/>\n<!-- \/ Yoast SEO plugin. -->","yoast_head_json":{"title":"Cookie-Richtlinie - Mgr. Al\u017ebeta Zetzmann","robots":{"index":"index","follow":"follow","max-snippet":"max-snippet:-1","max-image-preview":"max-image-preview:large","max-video-preview":"max-video-preview:-1"},"canonical":"https:\/\/alzbetazetzmann.com\/de\/cookie-richtlinie\/","og_locale":"de_DE","og_type":"article","og_title":"Cookie-Richtlinie - Mgr. Al\u017ebeta Zetzmann","og_description":"Cookie-Richtlinie Inkrafttreten: 27. M\u00e4rz 2026Zuletzt aktualisiert: 27. M\u00e4rz 2026 Was sind Cookies? Diese Cookie-Richtlinie erkl\u00e4rt, was Cookies sind und wie wir sie verwenden, welche Arten von Cookies wir einsetzen \u2013 d. h. welche Informationen wir mithilfe von Cookies sammeln und wie diese Informationen verwendet werden \u2013 und wie Sie Ihre Cookie-Einstellungen verwalten k\u00f6nnen. Cookies sind [&hellip;]","og_url":"https:\/\/alzbetazetzmann.com\/de\/cookie-richtlinie\/","og_site_name":"Mgr. Al\u017ebeta Zetzmann","article_modified_time":"2026-03-27T09:05:48+00:00","twitter_card":"summary_large_image","twitter_misc":{"Gesch\u00e4tzte Lesezeit":"2\u00a0Minuten"},"schema":{"@context":"https:\/\/schema.org","@graph":[{"@type":"WebPage","@id":"https:\/\/alzbetazetzmann.com\/de\/cookie-richtlinie\/","url":"https:\/\/alzbetazetzmann.com\/de\/cookie-richtlinie\/","name":"Cookie-Richtlinie - Mgr. Al\u017ebeta Zetzmann","isPartOf":{"@id":"https:\/\/alzbetazetzmann.com\/de\/#website"},"datePublished":"2026-03-27T08:58:32+00:00","dateModified":"2026-03-27T09:05:48+00:00","breadcrumb":{"@id":"https:\/\/alzbetazetzmann.com\/de\/cookie-richtlinie\/#breadcrumb"},"inLanguage":"de","potentialAction":[{"@type":"ReadAction","target":["https:\/\/alzbetazetzmann.com\/de\/cookie-richtlinie\/"]}]},{"@type":"BreadcrumbList","@id":"https:\/\/alzbetazetzmann.com\/de\/cookie-richtlinie\/#breadcrumb","itemListElement":[{"@type":"ListItem","position":1,"name":"Home","item":"https:\/\/alzbetazetzmann.com\/de\/alzbeta-zetzmann-en-new\/"},{"@type":"ListItem","position":2,"name":"Cookie-Richtlinie"}]},{"@type":"WebSite","@id":"https:\/\/alzbetazetzmann.com\/de\/#website","url":"https:\/\/alzbetazetzmann.com\/de\/","name":"Mgr. Al\u017ebeta Zetzmann","description":"Psychologicka,  terapeutka. Individualne sprevadzanie dospel\u00fdch klientov.","publisher":{"@id":"https:\/\/alzbetazetzmann.com\/de\/#organization"},"potentialAction":[{"@type":"SearchAction","target":{"@type":"EntryPoint","urlTemplate":"https:\/\/alzbetazetzmann.com\/de\/?s={search_term_string}"},"query-input":{"@type":"PropertyValueSpecification","valueRequired":true,"valueName":"search_term_string"}}],"inLanguage":"de"},{"@type":"Organization","@id":"https:\/\/alzbetazetzmann.com\/de\/#organization","name":"Mgr. Al\u017ebeta Zetzmann","url":"https:\/\/alzbetazetzmann.com\/de\/","logo":{"@type":"ImageObject","inLanguage":"de","@id":"https:\/\/alzbetazetzmann.com\/de\/#\/schema\/logo\/image\/","url":"https:\/\/alzbetazetzmann.com\/wp-content\/uploads\/2025\/05\/hummingbird-psychologist-basel.jpg","contentUrl":"https:\/\/alzbetazetzmann.com\/wp-content\/uploads\/2025\/05\/hummingbird-psychologist-basel.jpg","width":1024,"height":1024,"caption":"Mgr. Al\u017ebeta Zetzmann"},"image":{"@id":"https:\/\/alzbetazetzmann.com\/de\/#\/schema\/logo\/image\/"}}]}},"_links":{"self":[{"href":"https:\/\/alzbetazetzmann.com\/de\/wp-json\/wp\/v2\/pages\/1937","targetHints":{"allow":["GET"]}}],"collection":[{"href":"https:\/\/alzbetazetzmann.com\/de\/wp-json\/wp\/v2\/pages"}],"about":[{"href":"https:\/\/alzbetazetzmann.com\/de\/wp-json\/wp\/v2\/types\/page"}],"author":[{"embeddable":true,"href":"https:\/\/alzbetazetzmann.com\/de\/wp-json\/wp\/v2\/users\/4"}],"replies":[{"embeddable":true,"href":"https:\/\/alzbetazetzmann.com\/de\/wp-json\/wp\/v2\/comments?post=1937"}],"version-history":[{"count":1,"href":"https:\/\/alzbetazetzmann.com\/de\/wp-json\/wp\/v2\/pages\/1937\/revisions"}],"predecessor-version":[{"id":1938,"href":"https:\/\/alzbetazetzmann.com\/de\/wp-json\/wp\/v2\/pages\/1937\/revisions\/1938"}],"wp:attachment":[{"href":"https:\/\/alzbetazetzmann.com\/de\/wp-json\/wp\/v2\/media?parent=1937"}],"curies":[{"name":"wp","href":"https:\/\/api.w.org\/{rel}","templated":true}]}}